{"id":994,"date":"2022-04-08T11:43:01","date_gmt":"2022-04-08T11:43:01","guid":{"rendered":"https:\/\/stockberge.no\/?page_id=994"},"modified":"2024-05-10T07:42:03","modified_gmt":"2024-05-10T07:42:03","slug":"investeringer","status":"publish","type":"page","link":"https:\/\/stockberge.no\/?page_id=994","title":{"rendered":"Investeringer"},"content":{"rendered":"\t\t<div data-elementor-type=\"wp-page\" data-elementor-id=\"994\" class=\"elementor elementor-994\">\n\t\t\t\t\t\t\t\t\t<section class=\"elementor-section elementor-top-section elementor-element elementor-element-e6d44a1 elementor-section-full_width elementor-section-height-min-height elementor-section-height-default elementor-section-items-middle\" data-id=\"e6d44a1\" data-element_type=\"section\" data-settings=\"{&quot;background_background&quot;:&quot;classic&quot;}\">\n\t\t\t\t\t\t\t<div class=\"elementor-background-overlay\"><\/div>\n\t\t\t\t\t\t\t<div class=\"elementor-container elementor-column-gap-default\">\n\t\t\t\t\t<div class=\"elementor-column elementor-col-100 elementor-top-column elementor-element elementor-element-3ed7d1f\" data-id=\"3ed7d1f\" data-element_type=\"column\">\n\t\t\t<div class=\"elementor-widget-wrap\">\n\t\t\t\t\t\t\t\t\t<\/div>\n\t\t<\/div>\n\t\t\t\t\t\t\t<\/div>\n\t\t<\/section>\n\t\t\t\t<section class=\"elementor-section elementor-top-section elementor-element elementor-element-9eab1c8 elementor-section-boxed elementor-section-height-default elementor-section-height-default\" data-id=\"9eab1c8\" data-element_type=\"section\">\n\t\t\t\t\t\t<div class=\"elementor-container elementor-column-gap-default\">\n\t\t\t\t\t<div class=\"elementor-column elementor-col-100 elementor-top-column elementor-element elementor-element-28d5600\" data-id=\"28d5600\" data-element_type=\"column\">\n\t\t\t<div class=\"elementor-widget-wrap elementor-element-populated\">\n\t\t\t\t\t\t\t\t<div class=\"elementor-element elementor-element-4d7bf53 elementor-widget elementor-widget-spacer\" data-id=\"4d7bf53\" data-element_type=\"widget\" data-widget_type=\"spacer.default\">\n\t\t\t\t<div class=\"elementor-widget-container\">\n\t\t\t<style>\/*! elementor - v3.6.2 - 04-04-2022 *\/\n.e-container.e-container--row .elementor-spacer-inner{width:var(--spacer-size)}.e-container.e-container--column .elementor-spacer-inner,.elementor-column .elementor-spacer-inner{height:var(--spacer-size)}<\/style>\t\t<div class=\"elementor-spacer\">\n\t\t\t<div class=\"elementor-spacer-inner\"><\/div>\n\t\t<\/div>\n\t\t\t\t<\/div>\n\t\t\t\t<\/div>\n\t\t\t\t\t<\/div>\n\t\t<\/div>\n\t\t\t\t\t\t\t<\/div>\n\t\t<\/section>\n\t\t\t\t<section class=\"elementor-section elementor-top-section elementor-element elementor-element-dc9c2bf elementor-section-boxed elementor-section-height-default elementor-section-height-default\" data-id=\"dc9c2bf\" data-element_type=\"section\">\n\t\t\t\t\t\t<div class=\"elementor-container elementor-column-gap-default\">\n\t\t\t\t\t<div class=\"elementor-column elementor-col-50 elementor-top-column elementor-element elementor-element-24b238e\" data-id=\"24b238e\" data-element_type=\"column\">\n\t\t\t<div class=\"elementor-widget-wrap elementor-element-populated\">\n\t\t\t\t\t\t\t\t<div class=\"elementor-element elementor-element-8328435 elementor-widget elementor-widget-heading\" data-id=\"8328435\" data-element_type=\"widget\" data-widget_type=\"heading.default\">\n\t\t\t\t<div class=\"elementor-widget-container\">\n\t\t\t<style>\/*! elementor - v3.6.2 - 04-04-2022 *\/\n.elementor-heading-title{padding:0;margin:0;line-height:1}.elementor-widget-heading .elementor-heading-title[class*=elementor-size-]>a{color:inherit;font-size:inherit;line-height:inherit}.elementor-widget-heading .elementor-heading-title.elementor-size-small{font-size:15px}.elementor-widget-heading .elementor-heading-title.elementor-size-medium{font-size:19px}.elementor-widget-heading .elementor-heading-title.elementor-size-large{font-size:29px}.elementor-widget-heading .elementor-heading-title.elementor-size-xl{font-size:39px}.elementor-widget-heading .elementor-heading-title.elementor-size-xxl{font-size:59px}<\/style><h1 class=\"elementor-heading-title elementor-size-xxl\">Investeringer<\/h1>\t\t<\/div>\n\t\t\t\t<\/div>\n\t\t\t\t<div class=\"elementor-element elementor-element-538bc42 elementor-widget elementor-widget-text-editor\" data-id=\"538bc42\" data-element_type=\"widget\" data-widget_type=\"text-editor.default\">\n\t\t\t\t<div class=\"elementor-widget-container\">\n\t\t\t<style>\/*! elementor - v3.6.2 - 04-04-2022 *\/\n.elementor-widget-text-editor.elementor-drop-cap-view-stacked .elementor-drop-cap{background-color:#818a91;color:#fff}.elementor-widget-text-editor.elementor-drop-cap-view-framed .elementor-drop-cap{color:#818a91;border:3px solid;background-color:transparent}.elementor-widget-text-editor:not(.elementor-drop-cap-view-default) .elementor-drop-cap{margin-top:8px}.elementor-widget-text-editor:not(.elementor-drop-cap-view-default) .elementor-drop-cap-letter{width:1em;height:1em}.elementor-widget-text-editor .elementor-drop-cap{float:left;text-align:center;line-height:1;font-size:50px}.elementor-widget-text-editor .elementor-drop-cap-letter{display:inline-block}<\/style>\t\t\t\t<p>V\u00e5rt hovedfokus er \u00e5 etabler en eiendomsportef\u00f8lje best\u00e5ende av boliger, minilager og kontor i Norge, sammen med investeringer i teknologiselskaper.<\/p>\n<h3><strong>Eiendom<\/strong><\/h3>\n<p>Vi investerer i utviklingsprosjekter, hovedsakelig innen bolig, minilager og kontor. Vi investerer alene og sammen med utvalgte partnere med samme strategi.<\/p>\n<h3><strong>Noterte selskaper<\/strong><\/h3>\n<p>Vi investere i noterte selskaper som hovedsakelig er listet p\u00e5 Oslo B\u00f8rs, men er opportunistiske for andre markeder.<\/p>\n<h3><strong>Unoterte selskaper og start-ups<\/strong><\/h3>\n<p>Vi gj\u00f8r ogs\u00e5 investeringer i unoterte og start-ups selskaper. Vi investerer der vi ser at vi kan v\u00e6re til hjelp, eller n\u00e5r det er behov for kapital for \u00e5 finansiere et oppkj\u00f8p eller videre vekst.<\/p>\n<p>Vi legger en klar strategi for selskaper med tydelige m\u00e5l og ambisjoner. Vi bidrar b\u00e5de med kapital og en styreplass for \u00e5 sikre at vi sammen jobber mot felles m\u00e5l.<\/p>\t\t\t\t\t\t<\/div>\n\t\t\t\t<\/div>\n\t\t\t\t\t<\/div>\n\t\t<\/div>\n\t\t\t\t<div class=\"elementor-column elementor-col-50 elementor-top-column elementor-element elementor-element-461ca22\" data-id=\"461ca22\" data-element_type=\"column\">\n\t\t\t<div class=\"elementor-widget-wrap elementor-element-populated\">\n\t\t\t\t\t\t\t\t<div class=\"elementor-element elementor-element-227a243 elementor-widget elementor-widget-image\" data-id=\"227a243\" data-element_type=\"widget\" data-widget_type=\"image.default\">\n\t\t\t\t<div class=\"elementor-widget-container\">\n\t\t\t<style>\/*! elementor - v3.6.2 - 04-04-2022 *\/\n.elementor-widget-image{text-align:center}.elementor-widget-image a{display:inline-block}.elementor-widget-image a img[src$=\".svg\"]{width:48px}.elementor-widget-image img{vertical-align:middle;display:inline-block}<\/style>\t\t\t\t\t\t\t\t\t\t\t\t<img width=\"800\" height=\"537\" src=\"https:\/\/stockberge.no\/wp-content\/uploads\/2022\/04\/investment-bilde.jpg\" class=\"attachment-full size-full\" alt=\"\" loading=\"lazy\" srcset=\"https:\/\/stockberge.no\/wp-content\/uploads\/2022\/04\/investment-bilde.jpg 800w, https:\/\/stockberge.no\/wp-content\/uploads\/2022\/04\/investment-bilde-300x201.jpg 300w, https:\/\/stockberge.no\/wp-content\/uploads\/2022\/04\/investment-bilde-768x516.jpg 768w\" sizes=\"(max-width: 800px) 100vw, 800px\" \/>\t\t\t\t\t\t\t\t\t\t\t\t\t\t\t<\/div>\n\t\t\t\t<\/div>\n\t\t\t\t\t<\/div>\n\t\t<\/div>\n\t\t\t\t\t\t\t<\/div>\n\t\t<\/section>\n\t\t\t\t<section class=\"elementor-section elementor-top-section elementor-element elementor-element-5cbb91b elementor-section-boxed elementor-section-height-default elementor-section-height-default\" data-id=\"5cbb91b\" data-element_type=\"section\">\n\t\t\t\t\t\t<div class=\"elementor-container elementor-column-gap-default\">\n\t\t\t\t\t<div class=\"elementor-column elementor-col-100 elementor-top-column elementor-element elementor-element-c4cfb39\" data-id=\"c4cfb39\" data-element_type=\"column\">\n\t\t\t<div class=\"elementor-widget-wrap elementor-element-populated\">\n\t\t\t\t\t\t\t\t<div class=\"elementor-element elementor-element-224ffdb elementor-widget elementor-widget-spacer\" data-id=\"224ffdb\" data-element_type=\"widget\" data-widget_type=\"spacer.default\">\n\t\t\t\t<div class=\"elementor-widget-container\">\n\t\t\t\t\t<div class=\"elementor-spacer\">\n\t\t\t<div class=\"elementor-spacer-inner\"><\/div>\n\t\t<\/div>\n\t\t\t\t<\/div>\n\t\t\t\t<\/div>\n\t\t\t\t\t<\/div>\n\t\t<\/div>\n\t\t\t\t\t\t\t<\/div>\n\t\t<\/section>\n\t\t\t\t<section class=\"elementor-section elementor-top-section elementor-element elementor-element-757e077 elementor-section-boxed elementor-section-height-default elementor-section-height-default\" data-id=\"757e077\" data-element_type=\"section\">\n\t\t\t\t\t\t<div class=\"elementor-container elementor-column-gap-default\">\n\t\t\t\t\t<div class=\"elementor-column elementor-col-100 elementor-top-column elementor-element elementor-element-1f89d8b\" data-id=\"1f89d8b\" data-element_type=\"column\">\n\t\t\t<div class=\"elementor-widget-wrap elementor-element-populated\">\n\t\t\t\t\t\t\t\t<section class=\"elementor-section elementor-inner-section elementor-element elementor-element-a831118 elementor-section-boxed elementor-section-height-default elementor-section-height-default\" data-id=\"a831118\" data-element_type=\"section\">\n\t\t\t\t\t\t<div class=\"elementor-container elementor-column-gap-default\">\n\t\t\t\t\t<div class=\"elementor-column elementor-col-50 elementor-inner-column elementor-element elementor-element-e47a4ca\" data-id=\"e47a4ca\" data-element_type=\"column\">\n\t\t\t<div class=\"elementor-widget-wrap elementor-element-populated\">\n\t\t\t\t\t\t\t\t<div class=\"elementor-element elementor-element-f49fb9f elementor-widget elementor-widget-text-editor\" data-id=\"f49fb9f\" data-element_type=\"widget\" data-widget_type=\"text-editor.default\">\n\t\t\t\t<div class=\"elementor-widget-container\">\n\t\t\t\t\t\t\t<h1><strong>Aktive investeringer<\/strong><\/h1><h3><strong>Orgbrain AS<\/strong><\/h3><p>Stockberge har valgt \u00e5 investere i Orgbrain som er et norsk selskap som ble stiftet i 2017 av gr\u00fcndere med lang styreerfaring, som hadde et \u00f8nske om \u00e5 hjelpe styrene med \u00e5 h\u00e5ndtere sine oppgaver og juridiske forpliktelser p\u00e5 en enklere, bedre og sikrere m\u00e5te gjennom brukervennlig og moderne teknologi.<\/p><p>Stockberge vil i tillegg v\u00e6re en del at selskapets Advisory Board for \u00e5 st\u00f8tte selskapet videre utvikling og vekst.<\/p>\t\t\t\t\t\t<\/div>\n\t\t\t\t<\/div>\n\t\t\t\t\t<\/div>\n\t\t<\/div>\n\t\t\t\t<div class=\"elementor-column elementor-col-50 elementor-inner-column elementor-element elementor-element-62ec985\" data-id=\"62ec985\" data-element_type=\"column\">\n\t\t\t<div class=\"elementor-widget-wrap elementor-element-populated\">\n\t\t\t\t\t\t\t\t<div class=\"elementor-element elementor-element-d3e85d4 elementor-widget elementor-widget-image\" data-id=\"d3e85d4\" data-element_type=\"widget\" data-widget_type=\"image.default\">\n\t\t\t\t<div class=\"elementor-widget-container\">\n\t\t\t\t\t\t\t\t\t\t\t\t\t\t\t\t<a href=\"https:\/\/orgbrain.no\/\">\n\t\t\t\t\t\t\t<img width=\"800\" height=\"315\" src=\"https:\/\/stockberge.no\/wp-content\/uploads\/2022\/06\/Orgbrain_logo_2-1024x403.png\" class=\"attachment-large size-large\" alt=\"\" loading=\"lazy\" srcset=\"https:\/\/stockberge.no\/wp-content\/uploads\/2022\/06\/Orgbrain_logo_2-1024x403.png 1024w, https:\/\/stockberge.no\/wp-content\/uploads\/2022\/06\/Orgbrain_logo_2-300x118.png 300w, https:\/\/stockberge.no\/wp-content\/uploads\/2022\/06\/Orgbrain_logo_2-768x302.png 768w, https:\/\/stockberge.no\/wp-content\/uploads\/2022\/06\/Orgbrain_logo_2.png 1280w\" sizes=\"(max-width: 800px) 100vw, 800px\" \/>\t\t\t\t\t\t\t\t<\/a>\n\t\t\t\t\t\t\t\t\t\t\t\t\t\t\t<\/div>\n\t\t\t\t<\/div>\n\t\t\t\t\t<\/div>\n\t\t<\/div>\n\t\t\t\t\t\t\t<\/div>\n\t\t<\/section>\n\t\t\t\t\t<\/div>\n\t\t<\/div>\n\t\t\t\t\t\t\t<\/div>\n\t\t<\/section>\n\t\t\t\t<section class=\"elementor-section elementor-top-section elementor-element elementor-element-9efd916 elementor-section-boxed elementor-section-height-default elementor-section-height-default\" data-id=\"9efd916\" data-element_type=\"section\">\n\t\t\t\t\t\t<div class=\"elementor-container elementor-column-gap-default\">\n\t\t\t\t\t<div class=\"elementor-column elementor-col-66 elementor-top-column elementor-element elementor-element-9d55cd8\" data-id=\"9d55cd8\" data-element_type=\"column\">\n\t\t\t<div class=\"elementor-widget-wrap elementor-element-populated\">\n\t\t\t\t\t\t\t\t<div class=\"elementor-element elementor-element-42a08ef elementor-widget elementor-widget-text-editor\" data-id=\"42a08ef\" data-element_type=\"widget\" data-widget_type=\"text-editor.default\">\n\t\t\t\t<div class=\"elementor-widget-container\">\n\t\t\t\t\t\t\t<h3><strong>Spillan Eiendom AS<\/strong><\/h3><p>Stockberge har sammen med A O Grevstad Eiendom og Grevstad &amp; Tvedt Holding etablert et eiendomsselskap som eier lagerlokaler\/-bygg som benyttes til minilager.<\/p><p>Spillan Eiendom s\u00f8ker lokaler og bygg i de st\u00f8rste byene i Norge som egner seg for minilager. Ta kontakt om du\/dere \u00f8nsker \u00e5 selge, eller inng\u00e5 et partnerskap av deres lokaler\/bygg sammen med oss.<\/p><p>\u00a0<\/p>\t\t\t\t\t\t<\/div>\n\t\t\t\t<\/div>\n\t\t\t\t\t<\/div>\n\t\t<\/div>\n\t\t\t\t<div class=\"elementor-column elementor-col-33 elementor-top-column elementor-element elementor-element-621a86c\" data-id=\"621a86c\" data-element_type=\"column\">\n\t\t\t<div class=\"elementor-widget-wrap elementor-element-populated\">\n\t\t\t\t\t\t\t\t<div class=\"elementor-element elementor-element-4c85df4 elementor-widget elementor-widget-image\" data-id=\"4c85df4\" data-element_type=\"widget\" data-widget_type=\"image.default\">\n\t\t\t\t<div class=\"elementor-widget-container\">\n\t\t\t\t\t\t\t\t\t\t\t\t\t\t\t\t<a href=\"https:\/\/aogeiendom.no\/\">\n\t\t\t\t\t\t\t<img width=\"800\" height=\"550\" src=\"https:\/\/stockberge.no\/wp-content\/uploads\/2023\/03\/Spillan-Eiendom-logo-2.jpg\" class=\"attachment-large size-large\" alt=\"\" loading=\"lazy\" srcset=\"https:\/\/stockberge.no\/wp-content\/uploads\/2023\/03\/Spillan-Eiendom-logo-2.jpg 966w, https:\/\/stockberge.no\/wp-content\/uploads\/2023\/03\/Spillan-Eiendom-logo-2-300x206.jpg 300w, https:\/\/stockberge.no\/wp-content\/uploads\/2023\/03\/Spillan-Eiendom-logo-2-768x528.jpg 768w\" sizes=\"(max-width: 800px) 100vw, 800px\" \/>\t\t\t\t\t\t\t\t<\/a>\n\t\t\t\t\t\t\t\t\t\t\t\t\t\t\t<\/div>\n\t\t\t\t<\/div>\n\t\t\t\t\t<\/div>\n\t\t<\/div>\n\t\t\t\t\t\t\t<\/div>\n\t\t<\/section>\n\t\t\t\t<section class=\"elementor-section elementor-top-section elementor-element elementor-element-7a7f4d7 elementor-section-boxed elementor-section-height-default elementor-section-height-default\" data-id=\"7a7f4d7\" data-element_type=\"section\">\n\t\t\t\t\t\t<div class=\"elementor-container elementor-column-gap-default\">\n\t\t\t\t\t<div class=\"elementor-column elementor-col-66 elementor-top-column elementor-element elementor-element-3cb57f1\" data-id=\"3cb57f1\" data-element_type=\"column\">\n\t\t\t<div class=\"elementor-widget-wrap elementor-element-populated\">\n\t\t\t\t\t\t\t\t<div class=\"elementor-element elementor-element-4aabb41 elementor-widget elementor-widget-text-editor\" data-id=\"4aabb41\" data-element_type=\"widget\" data-widget_type=\"text-editor.default\">\n\t\t\t\t<div class=\"elementor-widget-container\">\n\t\t\t\t\t\t\t<h3><strong>MER Forvaltning AS<\/strong><\/h3><p>Stockberge har sammen med A O Grevstad Eiendom og Grevstad &amp; Tvedt Holding etablert et eiendomsselskap som forvalter og drifter minilager.<\/p><p>MER Forvaltning AS utf\u00f8rer forvaltning og drift for egne og andres bygg som har minilager. Ta kontakt om du\/dere \u00f8nsker at ditt lagerlokal skal inng\u00e5 i MER minilager sitt konsept.<\/p><p>\u00a0<\/p>\t\t\t\t\t\t<\/div>\n\t\t\t\t<\/div>\n\t\t\t\t\t<\/div>\n\t\t<\/div>\n\t\t\t\t<div class=\"elementor-column elementor-col-33 elementor-top-column elementor-element elementor-element-52b1964\" data-id=\"52b1964\" data-element_type=\"column\">\n\t\t\t<div class=\"elementor-widget-wrap elementor-element-populated\">\n\t\t\t\t\t\t\t\t<div class=\"elementor-element elementor-element-f887cdc elementor-widget elementor-widget-image\" data-id=\"f887cdc\" data-element_type=\"widget\" data-widget_type=\"image.default\">\n\t\t\t\t<div class=\"elementor-widget-container\">\n\t\t\t\t\t\t\t\t\t\t\t\t\t\t\t\t<a href=\"https:\/\/merminilager.no\/\">\n\t\t\t\t\t\t\t<img width=\"800\" height=\"612\" src=\"https:\/\/stockberge.no\/wp-content\/uploads\/2024\/05\/Outline_Oransje_Staende-1024x783.png\" class=\"attachment-large size-large\" alt=\"\" loading=\"lazy\" srcset=\"https:\/\/stockberge.no\/wp-content\/uploads\/2024\/05\/Outline_Oransje_Staende-1024x783.png 1024w, https:\/\/stockberge.no\/wp-content\/uploads\/2024\/05\/Outline_Oransje_Staende-300x229.png 300w, https:\/\/stockberge.no\/wp-content\/uploads\/2024\/05\/Outline_Oransje_Staende-768x587.png 768w, https:\/\/stockberge.no\/wp-content\/uploads\/2024\/05\/Outline_Oransje_Staende.png 1308w\" sizes=\"(max-width: 800px) 100vw, 800px\" \/>\t\t\t\t\t\t\t\t<\/a>\n\t\t\t\t\t\t\t\t\t\t\t\t\t\t\t<\/div>\n\t\t\t\t<\/div>\n\t\t\t\t\t<\/div>\n\t\t<\/div>\n\t\t\t\t\t\t\t<\/div>\n\t\t<\/section>\n\t\t\t\t\t\t\t<\/div>\n\t\t","protected":false},"excerpt":{"rendered":"<p>Investeringer V\u00e5rt hovedfokus er \u00e5 etabler en eiendomsportef\u00f8lje best\u00e5ende av boliger, minilager og kontor i Norge, sammen med investeringer i teknologiselskaper. Eiendom Vi investerer i utviklingsprosjekter, hovedsakelig innen bolig, minilager og kontor. Vi investerer alene og sammen med utvalgte partnere med samme strategi. Noterte selskaper Vi investere i noterte selskaper som hovedsakelig er listet p\u00e5 [&hellip;]<\/p>\n","protected":false},"author":2,"featured_media":0,"parent":0,"menu_order":0,"comment_status":"closed","ping_status":"closed","template":"elementor_header_footer","meta":[],"_links":{"self":[{"href":"https:\/\/stockberge.no\/index.php?rest_route=\/wp\/v2\/pages\/994"}],"collection":[{"href":"https:\/\/stockberge.no\/index.php?rest_route=\/wp\/v2\/pages"}],"about":[{"href":"https:\/\/stockberge.no\/index.php?rest_route=\/wp\/v2\/types\/page"}],"author":[{"embeddable":true,"href":"https:\/\/stockberge.no\/index.php?rest_route=\/wp\/v2\/users\/2"}],"replies":[{"embeddable":true,"href":"https:\/\/stockberge.no\/index.php?rest_route=%2Fwp%2Fv2%2Fcomments&post=994"}],"version-history":[{"count":76,"href":"https:\/\/stockberge.no\/index.php?rest_route=\/wp\/v2\/pages\/994\/revisions"}],"predecessor-version":[{"id":1637,"href":"https:\/\/stockberge.no\/index.php?rest_route=\/wp\/v2\/pages\/994\/revisions\/1637"}],"wp:attachment":[{"href":"https:\/\/stockberge.no\/index.php?rest_route=%2Fwp%2Fv2%2Fmedia&parent=994"}],"curies":[{"name":"wp","href":"https:\/\/api.w.org\/{rel}","templated":true}]}}